{"id":31715,"date":"2023-07-20T14:35:35","date_gmt":"2023-07-20T19:35:35","guid":{"rendered":"https:\/\/rct-tccr.ca\/home-fr\/"},"modified":"2024-08-28T10:42:10","modified_gmt":"2024-08-28T15:42:10","slug":"home-2","status":"publish","type":"page","link":"https:\/\/rct-tccr.ca\/fr\/","title":{"rendered":"Home (fr)"},"content":{"rendered":"<div id=\"cs-content\" class=\"cs-content\"><\/div>\n","protected":false},"excerpt":{"rendered":"<p>Surmonter les obstacles r\u00e9glementaires au commerce au CanadaL\u2019Accord de libre-\u00e9change canadien (ALEC) pr\u00e9voit des processus de conciliation et de coop\u00e9ration r\u00e9glementaires qui visent \u00e0 \u00e9liminer les obstacles au commerce auxquels les entreprises peuvent \u00eatre confront\u00e9es lorsqu&rsquo;elles font des affaires dans plus d&rsquo;une province ou d&rsquo;un territoire au Canada.\u00c0 PROPOS de la TCCRquelques-unes de Nos R\u00e9alisationsLes travaux de la TCCR ont &#8230; <a href=\"https:\/\/rct-tccr.ca\/fr\/\" class=\"more-link\">Read More<\/a><\/p>\n","protected":false},"author":1,"featured_media":31814,"parent":0,"menu_order":0,"comment_status":"closed","ping_status":"closed","template":"template-blank-4.php","meta":{"footnotes":""},"acf":[],"_links":{"self":[{"href":"https:\/\/rct-tccr.ca\/fr\/wp-json\/wp\/v2\/pages\/31715"}],"collection":[{"href":"https:\/\/rct-tccr.ca\/fr\/wp-json\/wp\/v2\/pages"}],"about":[{"href":"https:\/\/rct-tccr.ca\/fr\/wp-json\/wp\/v2\/types\/page"}],"author":[{"embeddable":true,"href":"https:\/\/rct-tccr.ca\/fr\/wp-json\/wp\/v2\/users\/1"}],"replies":[{"embeddable":true,"href":"https:\/\/rct-tccr.ca\/fr\/wp-json\/wp\/v2\/comments?post=31715"}],"version-history":[{"count":51,"href":"https:\/\/rct-tccr.ca\/fr\/wp-json\/wp\/v2\/pages\/31715\/revisions"}],"predecessor-version":[{"id":32314,"href":"https:\/\/rct-tccr.ca\/fr\/wp-json\/wp\/v2\/pages\/31715\/revisions\/32314"}],"wp:featuredmedia":[{"embeddable":true,"href":"https:\/\/rct-tccr.ca\/fr\/wp-json\/wp\/v2\/media\/31814"}],"wp:attachment":[{"href":"https:\/\/rct-tccr.ca\/fr\/wp-json\/wp\/v2\/media?parent=31715"}],"curies":[{"name":"wp","href":"https:\/\/api.w.org\/{rel}","templated":true}]}}