{"id":31571,"date":"2023-07-20T07:39:32","date_gmt":"2023-07-20T12:39:32","guid":{"rendered":"https:\/\/rct-tccr.ca\/about-rct-fr\/"},"modified":"2024-01-16T09:58:30","modified_gmt":"2024-01-16T15:58:30","slug":"a-propos","status":"publish","type":"page","link":"https:\/\/rct-tccr.ca\/fr\/a-propos\/","title":{"rendered":"\u00c0 propos TCCR"},"content":{"rendered":"<div id=\"cs-content\" class=\"cs-content\"><\/div>\n","protected":false},"excerpt":{"rendered":"<p>Fonctionnement de la TCCR L\u2019Accord de libre-\u00e9change canadien (ALEC) pr\u00e9voit des processus de conciliation et de coop\u00e9ration r\u00e9glementaire qui vise \u00e0 \u00e9liminer les obstacles au commerce auxquels les entreprises peuvent \u00eatre confront\u00e9es lorsqu&rsquo;elles font des affaires dans plus d&rsquo;une province ou d&rsquo;un territoire au Canada.1. Les obstacles potentiels au commerce sont identifi\u00e9sSur la base de renseignements fournis par les groupes &#8230; <a href=\"https:\/\/rct-tccr.ca\/fr\/a-propos\/\" class=\"more-link\">Read More<\/a><\/p>\n","protected":false},"author":1,"featured_media":0,"parent":0,"menu_order":0,"comment_status":"closed","ping_status":"closed","template":"template-blank-4.php","meta":{"footnotes":""},"acf":[],"_links":{"self":[{"href":"https:\/\/rct-tccr.ca\/fr\/wp-json\/wp\/v2\/pages\/31571"}],"collection":[{"href":"https:\/\/rct-tccr.ca\/fr\/wp-json\/wp\/v2\/pages"}],"about":[{"href":"https:\/\/rct-tccr.ca\/fr\/wp-json\/wp\/v2\/types\/page"}],"author":[{"embeddable":true,"href":"https:\/\/rct-tccr.ca\/fr\/wp-json\/wp\/v2\/users\/1"}],"replies":[{"embeddable":true,"href":"https:\/\/rct-tccr.ca\/fr\/wp-json\/wp\/v2\/comments?post=31571"}],"version-history":[{"count":12,"href":"https:\/\/rct-tccr.ca\/fr\/wp-json\/wp\/v2\/pages\/31571\/revisions"}],"predecessor-version":[{"id":32050,"href":"https:\/\/rct-tccr.ca\/fr\/wp-json\/wp\/v2\/pages\/31571\/revisions\/32050"}],"wp:attachment":[{"href":"https:\/\/rct-tccr.ca\/fr\/wp-json\/wp\/v2\/media?parent=31571"}],"curies":[{"name":"wp","href":"https:\/\/api.w.org\/{rel}","templated":true}]}}