{"id":271,"date":"2023-07-19T11:08:35","date_gmt":"2023-07-19T16:08:35","guid":{"rendered":"https:\/\/rct-tccr.ca\/contact-fr\/"},"modified":"2024-01-09T12:33:05","modified_gmt":"2024-01-09T18:33:05","slug":"contactez-nous","status":"publish","type":"page","link":"https:\/\/rct-tccr.ca\/fr\/contactez-nous\/","title":{"rendered":"Contactez-nous"},"content":{"rendered":"<div id=\"cs-content\" class=\"cs-content\"><\/div>\n","protected":false},"excerpt":{"rendered":"<p>Contactez-nousCoordonn\u00e9es Pour les demandes g\u00e9n\u00e9rales, veuillez utiliser le formulaire ou nous contacter \u00e0 rct-tccr@its-sci.ca.Listes des repr\u00e9sentant(e)s de la TCCRRenseignements g\u00e9n\u00e9raux Nom(Requis) Pr\u00e9nom Nom de famille T\u00e9l\u00e9phone(Requis)Courriel(Requis) m\u00e9thode pr\u00e9f\u00e9r\u00e9e de contactAppel t\u00e9l\u00e9phoniqueCourrielDes textesQuestions \/ Commentaires<\/p>\n","protected":false},"author":1,"featured_media":0,"parent":0,"menu_order":0,"comment_status":"closed","ping_status":"closed","template":"template-blank-4.php","meta":{"footnotes":""},"acf":[],"_links":{"self":[{"href":"https:\/\/rct-tccr.ca\/fr\/wp-json\/wp\/v2\/pages\/271"}],"collection":[{"href":"https:\/\/rct-tccr.ca\/fr\/wp-json\/wp\/v2\/pages"}],"about":[{"href":"https:\/\/rct-tccr.ca\/fr\/wp-json\/wp\/v2\/types\/page"}],"author":[{"embeddable":true,"href":"https:\/\/rct-tccr.ca\/fr\/wp-json\/wp\/v2\/users\/1"}],"replies":[{"embeddable":true,"href":"https:\/\/rct-tccr.ca\/fr\/wp-json\/wp\/v2\/comments?post=271"}],"version-history":[{"count":8,"href":"https:\/\/rct-tccr.ca\/fr\/wp-json\/wp\/v2\/pages\/271\/revisions"}],"predecessor-version":[{"id":31935,"href":"https:\/\/rct-tccr.ca\/fr\/wp-json\/wp\/v2\/pages\/271\/revisions\/31935"}],"wp:attachment":[{"href":"https:\/\/rct-tccr.ca\/fr\/wp-json\/wp\/v2\/media?parent=271"}],"curies":[{"name":"wp","href":"https:\/\/api.w.org\/{rel}","templated":true}]}}